{"id":105,"date":"2021-05-07T16:15:15","date_gmt":"2021-05-07T16:15:15","guid":{"rendered":"http:\/\/restauracja-mewa.pl\/wordpress\/about-2\/"},"modified":"2024-09-03T09:24:07","modified_gmt":"2024-09-03T09:24:07","slug":"o-nas","status":"publish","type":"page","link":"https:\/\/restauracja-mewa.pl\/wordpress\/o-nas\/","title":{"rendered":"O nas"},"content":{"rendered":"\t\t<div data-elementor-type=\"wp-page\" data-elementor-id=\"105\" class=\"elementor elementor-105\">\n\t\t\t\t\t\t\t\t\t<section class=\"elementor-section elementor-top-section elementor-element elementor-element-954acb8 elementor-section-boxed elementor-section-height-default elementor-section-height-default qodef-elementor-content-no\" data-id=\"954acb8\" data-element_type=\"section\" data-settings=\"{&quot;background_background&quot;:&quot;classic&quot;}\">\n\t\t\t\t\t\t\t<div class=\"elementor-background-overlay\"><\/div>\n\t\t\t\t\t\t\t<div class=\"elementor-container elementor-column-gap-no\">\n\t\t\t\t\t<div class=\"elementor-column elementor-col-100 elementor-top-column elementor-element elementor-element-77d49fb\" data-id=\"77d49fb\" data-element_type=\"column\">\n\t\t\t<div class=\"elementor-widget-wrap elementor-element-populated\">\n\t\t\t\t\t\t\t\t<div class=\"elementor-element elementor-element-4164874 elementor-widget elementor-widget-heading\" data-id=\"4164874\" data-element_type=\"widget\" data-widget_type=\"heading.default\">\n\t\t\t\t<div class=\"elementor-widget-container\">\n\t\t\t<style>\/*! elementor - v3.8.1 - 13-11-2022 *\/\n.elementor-heading-title{padding:0;margin:0;line-height:1}.elementor-widget-heading .elementor-heading-title[class*=elementor-size-]>a{color:inherit;font-size:inherit;line-height:inherit}.elementor-widget-heading .elementor-heading-title.elementor-size-small{font-size:15px}.elementor-widget-heading .elementor-heading-title.elementor-size-medium{font-size:19px}.elementor-widget-heading .elementor-heading-title.elementor-size-large{font-size:29px}.elementor-widget-heading .elementor-heading-title.elementor-size-xl{font-size:39px}.elementor-widget-heading .elementor-heading-title.elementor-size-xxl{font-size:59px}<\/style><h1 class=\"elementor-heading-title elementor-size-default\">Doskona\u0142a kuchnia,  profesjonalna obs\u0142uga<\/h1>\t\t<\/div>\n\t\t\t\t<\/div>\n\t\t\t\t\t<\/div>\n\t\t<\/div>\n\t\t\t\t\t\t\t<\/div>\n\t\t<\/section>\n\t\t\t\t<section class=\"elementor-section elementor-top-section elementor-element elementor-element-c3c7397 elementor-section-boxed elementor-section-height-default elementor-section-height-default qodef-elementor-content-no\" data-id=\"c3c7397\" data-element_type=\"section\">\n\t\t\t\t\t\t<div class=\"elementor-container elementor-column-gap-no\">\n\t\t\t\t\t<div class=\"elementor-column elementor-col-100 elementor-top-column elementor-element elementor-element-706dbbf\" data-id=\"706dbbf\" data-element_type=\"column\">\n\t\t\t<div class=\"elementor-widget-wrap elementor-element-populated\">\n\t\t\t\t\t\t\t\t<div class=\"elementor-element elementor-element-8fc1c07 elementor-widget elementor-widget-heading\" data-id=\"8fc1c07\" data-element_type=\"widget\" data-widget_type=\"heading.default\">\n\t\t\t\t<div class=\"elementor-widget-container\">\n\t\t\t<h4 class=\"elementor-heading-title elementor-size-default\">Restauracja Mewa to rodzinna restauracja powsta\u0142a z naszej wsp\u00f3lnej pasji do gotowania. Nasz\u0105 mark\u0119 zbudowali\u015bmy dzi\u0119ki wieloletniemu do\u015bwiadczeniu, kt\u00f3re gromadzili\u015bmy od 1997 roku przygotowuj\u0105c dla Pa\u0144stwa pyszne posi\u0142ki. Specjalizujemy si\u0119 w tradycyjnej kuchni polskiej. Nasza oryginalna i smakowita kuchnia jest bogata w wysokiej jako\u015bci dania przyrz\u0105dzane z olbrzymi\u0105 staranno\u015bci\u0105. Pragniemy by przyrz\u0105dzane przez nas potrawy posiada\u0142y autentyczny smak i niepowtarzalny aromat jak r\u00f3wnie\u017c cieszy\u0142y zmys\u0142y wizualnie. Dzi\u0119ki wykorzystaniu \u015bwie\u017cych produkt\u00f3w, pochodz\u0105cych od lokalnych dostawc\u00f3w oraz sprawdzonych receptur nasza kuchnia zachwyci ka\u017cde, nawet najbardziej wymagaj\u0105ce podniebienie. <br><\/h4>\t\t<\/div>\n\t\t\t\t<\/div>\n\t\t\t\t\t<\/div>\n\t\t<\/div>\n\t\t\t\t\t\t\t<\/div>\n\t\t<\/section>\n\t\t\t\t<section class=\"elementor-section elementor-top-section elementor-element elementor-element-21764b1 elementor-hidden-mobile elementor-section-boxed elementor-section-height-default elementor-section-height-default qodef-elementor-content-no\" data-id=\"21764b1\" data-element_type=\"section\" data-settings=\"{&quot;background_background&quot;:&quot;classic&quot;}\">\n\t\t\t\t\t\t\t<div class=\"elementor-background-overlay\"><\/div>\n\t\t\t\t\t\t\t<div class=\"elementor-container elementor-column-gap-default\">\n\t\t\t\t\t<div class=\"elementor-column elementor-col-100 elementor-top-column elementor-element elementor-element-c791d8d\" data-id=\"c791d8d\" data-element_type=\"column\">\n\t\t\t<div class=\"elementor-widget-wrap\">\n\t\t\t\t\t\t\t\t\t<\/div>\n\t\t<\/div>\n\t\t\t\t\t\t\t<\/div>\n\t\t<\/section>\n\t\t\t\t<section class=\"elementor-section elementor-top-section elementor-element elementor-element-8e61959 elementor-section-full_width elementor-section-content-middle elementor-section-height-default elementor-section-height-default qodef-elementor-content-no\" data-id=\"8e61959\" data-element_type=\"section\">\n\t\t\t\t\t\t<div class=\"elementor-container elementor-column-gap-no\">\n\t\t\t\t\t<div class=\"elementor-column elementor-col-50 elementor-top-column elementor-element elementor-element-f798c04\" data-id=\"f798c04\" data-element_type=\"column\">\n\t\t\t<div class=\"elementor-widget-wrap elementor-element-populated\">\n\t\t\t\t\t\t\t\t<div class=\"elementor-element elementor-element-9eef3e2 elementor-widget elementor-widget-image\" data-id=\"9eef3e2\" data-element_type=\"widget\" data-widget_type=\"image.default\">\n\t\t\t\t<div class=\"elementor-widget-container\">\n\t\t\t<style>\/*! elementor - v3.8.1 - 13-11-2022 *\/\n.elementor-widget-image{text-align:center}.elementor-widget-image a{display:inline-block}.elementor-widget-image a img[src$=\".svg\"]{width:48px}.elementor-widget-image img{vertical-align:middle;display:inline-block}<\/style>\t\t\t\t\t\t\t\t\t\t\t\t<img decoding=\"async\" src=\"https:\/\/restauracja-mewa.pl\/wordpress\/wp-content\/uploads\/2024\/09\/20240420_195658-scaled.jpg\" title=\"20240420_195658\" alt=\"20240420_195658\" \/>\t\t\t\t\t\t\t\t\t\t\t\t\t\t\t<\/div>\n\t\t\t\t<\/div>\n\t\t\t\t\t<\/div>\n\t\t<\/div>\n\t\t\t\t<div class=\"elementor-column elementor-col-50 elementor-top-column elementor-element elementor-element-c171cbb\" data-id=\"c171cbb\" data-element_type=\"column\">\n\t\t\t<div class=\"elementor-widget-wrap elementor-element-populated\">\n\t\t\t\t\t\t\t\t<section class=\"elementor-section elementor-inner-section elementor-element elementor-element-0bcf862 elementor-section-boxed elementor-section-height-default elementor-section-height-default qodef-elementor-content-no\" data-id=\"0bcf862\" data-element_type=\"section\">\n\t\t\t\t\t\t<div class=\"elementor-container elementor-column-gap-no\">\n\t\t\t\t\t<div class=\"elementor-column elementor-col-100 elementor-inner-column elementor-element elementor-element-2a21163\" data-id=\"2a21163\" data-element_type=\"column\">\n\t\t\t<div class=\"elementor-widget-wrap elementor-element-populated\">\n\t\t\t\t\t\t\t\t<div class=\"elementor-element elementor-element-62ca065 elementor-position-left elementor-widget__width-initial elementor-widget-mobile__width-inherit elementor-vertical-align-top elementor-widget elementor-widget-image-box\" data-id=\"62ca065\" data-element_type=\"widget\" data-widget_type=\"image-box.default\">\n\t\t\t\t<div class=\"elementor-widget-container\">\n\t\t\t<style>\/*! elementor - v3.8.1 - 13-11-2022 *\/\n.elementor-widget-image-box .elementor-image-box-content{width:100%}@media (min-width:768px){.elementor-widget-image-box.elementor-position-left .elementor-image-box-wrapper,.elementor-widget-image-box.elementor-position-right .elementor-image-box-wrapper{display:-webkit-box;display:-ms-flexbox;display:flex}.elementor-widget-image-box.elementor-position-right .elementor-image-box-wrapper{text-align:right;-webkit-box-orient:horizontal;-webkit-box-direction:reverse;-ms-flex-direction:row-reverse;flex-direction:row-reverse}.elementor-widget-image-box.elementor-position-left .elementor-image-box-wrapper{text-align:left;-webkit-box-orient:horizontal;-webkit-box-direction:normal;-ms-flex-direction:row;flex-direction:row}.elementor-widget-image-box.elementor-position-top .elementor-image-box-img{margin:auto}.elementor-widget-image-box.elementor-vertical-align-top .elementor-image-box-wrapper{-webkit-box-align:start;-ms-flex-align:start;align-items:flex-start}.elementor-widget-image-box.elementor-vertical-align-middle .elementor-image-box-wrapper{-webkit-box-align:center;-ms-flex-align:center;align-items:center}.elementor-widget-image-box.elementor-vertical-align-bottom .elementor-image-box-wrapper{-webkit-box-align:end;-ms-flex-align:end;align-items:flex-end}}@media (max-width:767px){.elementor-widget-image-box .elementor-image-box-img{margin-left:auto!important;margin-right:auto!important;margin-bottom:15px}}.elementor-widget-image-box .elementor-image-box-img{display:inline-block}.elementor-widget-image-box .elementor-image-box-title a{color:inherit}.elementor-widget-image-box .elementor-image-box-wrapper{text-align:center}.elementor-widget-image-box .elementor-image-box-description{margin:0}<\/style><div class=\"elementor-image-box-wrapper\"><div class=\"elementor-image-box-content\"><h3 class=\"elementor-image-box-title\"><br>Zmieniamy si\u0119 dla was<\/h3><p class=\"elementor-image-box-description\"><br>Od Wrze\u015bnia 2024 zapraszamy pa\u0144stwa do nowego lokalu w centrum Nowego \nS\u0105cza przy ulicy G\u0142owackiego 10. W pobli\u017cu znajduj\u0105 si\u0119 przepi\u0119kne \nbulwary nad rzek\u0105 Kamienic\u0105 (idealne na spacery), ruiny s\u0105deckiego zamku\n i rynek. <br><br>Obiekt po generalnym remoncie (dawniej klub ROKO) w \nkt\u00f3rym poczuj\u0105 si\u0119 pa\u0144stwo w niezwyk\u0142y i magiczny spos\u00f3b. Przytulne, \neleganckie i&nbsp;stylowe wn\u0119trza tworz\u0105 unikatow\u0105 atmosfer\u0119 dla rodzinnych \nobiad\u00f3w, przyj\u0119\u0107, \u015blub\u00f3w, romantycznych kolacji czy&nbsp;spotka\u0144 \nbiznesowych. To idealne miejsce dla wszystkich smakoszy, gdzie mo\u017cna \nodpocz\u0105\u0107 od zgie\u0142ku dnia, zje\u015b\u0107 smaczny obiad lub napi\u0107 si\u0119 pysznej \nkawy.<\/p><\/div><\/div>\t\t<\/div>\n\t\t\t\t<\/div>\n\t\t\t\t\t<\/div>\n\t\t<\/div>\n\t\t\t\t\t\t\t<\/div>\n\t\t<\/section>\n\t\t\t\t\t<\/div>\n\t\t<\/div>\n\t\t\t\t\t\t\t<\/div>\n\t\t<\/section>\n\t\t\t\t<section class=\"elementor-section elementor-top-section elementor-element elementor-element-907abb9 elementor-hidden-mobile elementor-section-boxed elementor-section-height-default elementor-section-height-default qodef-elementor-content-no\" data-id=\"907abb9\" data-element_type=\"section\" data-settings=\"{&quot;background_background&quot;:&quot;classic&quot;}\">\n\t\t\t\t\t\t\t<div class=\"elementor-background-overlay\"><\/div>\n\t\t\t\t\t\t\t<div class=\"elementor-container elementor-column-gap-default\">\n\t\t\t\t\t<div class=\"elementor-column elementor-col-100 elementor-top-column elementor-element elementor-element-898eeff\" data-id=\"898eeff\" data-element_type=\"column\">\n\t\t\t<div class=\"elementor-widget-wrap\">\n\t\t\t\t\t\t\t\t\t<\/div>\n\t\t<\/div>\n\t\t\t\t\t\t\t<\/div>\n\t\t<\/section>\n\t\t\t\t<section class=\"elementor-section elementor-top-section elementor-element elementor-element-0682efc elementor-section-full_width elementor-section-content-middle elementor-reverse-mobile elementor-section-height-default elementor-section-height-default qodef-elementor-content-no\" data-id=\"0682efc\" data-element_type=\"section\">\n\t\t\t\t\t\t<div class=\"elementor-container elementor-column-gap-no\">\n\t\t\t\t\t<div class=\"elementor-column elementor-col-50 elementor-top-column elementor-element elementor-element-52bd65f\" data-id=\"52bd65f\" data-element_type=\"column\">\n\t\t\t<div class=\"elementor-widget-wrap elementor-element-populated\">\n\t\t\t\t\t\t\t\t<section class=\"elementor-section elementor-inner-section elementor-element elementor-element-3036b43 elementor-section-boxed elementor-section-height-default elementor-section-height-default qodef-elementor-content-no\" data-id=\"3036b43\" data-element_type=\"section\">\n\t\t\t\t\t\t<div class=\"elementor-container elementor-column-gap-no\">\n\t\t\t\t\t<div class=\"elementor-column elementor-col-100 elementor-inner-column elementor-element elementor-element-db999ca\" data-id=\"db999ca\" data-element_type=\"column\">\n\t\t\t<div class=\"elementor-widget-wrap elementor-element-populated\">\n\t\t\t\t\t\t\t\t<div class=\"elementor-element elementor-element-cdc3018 elementor-position-left elementor-widget__width-initial elementor-widget-mobile__width-inherit elementor-vertical-align-top elementor-widget elementor-widget-image-box\" data-id=\"cdc3018\" data-element_type=\"widget\" data-widget_type=\"image-box.default\">\n\t\t\t\t<div class=\"elementor-widget-container\">\n\t\t\t<div class=\"elementor-image-box-wrapper\"><div class=\"elementor-image-box-content\"><h3 class=\"elementor-image-box-title\"><br>Sale w naszej restauracji<\/h3><p class=\"elementor-image-box-description\"><br>Nasz g\u0142\u00f3wna sala restauracyjna  posiada dwa osobne wej\u015bcia od strony \nulicy G\u0142owackiego i Bandurskiego. Sala g\u0142\u00f3wna otoczona \u0142ukami posiada \ndodatkowo dwie ma\u0142e kameralne salki i jedn\u0105 wi\u0119ksza sala kominkowa. W \nprzypadku realizacji wi\u0119kszych wydarze\u0144 istnieje mo\u017cliwo\u015b\u0107 dostosowania \ntych przestrzeni na jeden wsp\u00f3lny u\u017cytek z miejscem na ta\u0144czenie. Sale \ns\u0105 w pe\u0142ni klimatyzowane z bogato wyposa\u017conym barem. Uzupe\u0142nieniem \nlokalu s\u0105 dwie dodatkowe sale konferencyjne, z osobnym nag\u0142o\u015bnieniem \nw&nbsp;kt\u00f3rych&nbsp;mo\u017cemy zorganizowa\u0107 spotkanie biznesowe lub imprez\u0119 firmow\u0105. \nDo dyspozycji go\u015bci jest wygodny parking  od strony ulicy Bandurskiego.<\/p><\/div><\/div>\t\t<\/div>\n\t\t\t\t<\/div>\n\t\t\t\t\t<\/div>\n\t\t<\/div>\n\t\t\t\t\t\t\t<\/div>\n\t\t<\/section>\n\t\t\t\t\t<\/div>\n\t\t<\/div>\n\t\t\t\t<div class=\"elementor-column elementor-col-50 elementor-top-column elementor-element elementor-element-2596b1b\" data-id=\"2596b1b\" data-element_type=\"column\">\n\t\t\t<div class=\"elementor-widget-wrap elementor-element-populated\">\n\t\t\t\t\t\t\t\t<div class=\"elementor-element elementor-element-97e48a6 elementor-widget elementor-widget-image\" data-id=\"97e48a6\" data-element_type=\"widget\" data-widget_type=\"image.default\">\n\t\t\t\t<div class=\"elementor-widget-container\">\n\t\t\t\t\t\t\t\t\t\t\t\t\t\t\t<img loading=\"lazy\" decoding=\"async\" width=\"2560\" height=\"1441\" src=\"https:\/\/restauracja-mewa.pl\/wordpress\/wp-content\/uploads\/2024\/09\/20240831_095206-scaled.jpg\" class=\"attachment-full size-full\" alt=\"\" srcset=\"https:\/\/restauracja-mewa.pl\/wordpress\/wp-content\/uploads\/2024\/09\/20240831_095206-scaled.jpg 2560w, https:\/\/restauracja-mewa.pl\/wordpress\/wp-content\/uploads\/2024\/09\/20240831_095206-300x169.jpg 300w, https:\/\/restauracja-mewa.pl\/wordpress\/wp-content\/uploads\/2024\/09\/20240831_095206-1024x577.jpg 1024w, https:\/\/restauracja-mewa.pl\/wordpress\/wp-content\/uploads\/2024\/09\/20240831_095206-768x432.jpg 768w, https:\/\/restauracja-mewa.pl\/wordpress\/wp-content\/uploads\/2024\/09\/20240831_095206-1536x865.jpg 1536w, https:\/\/restauracja-mewa.pl\/wordpress\/wp-content\/uploads\/2024\/09\/20240831_095206-2048x1153.jpg 2048w\" sizes=\"auto, (max-width: 2560px) 100vw, 2560px\" \/>\t\t\t\t\t\t\t\t\t\t\t\t\t\t\t<\/div>\n\t\t\t\t<\/div>\n\t\t\t\t\t<\/div>\n\t\t<\/div>\n\t\t\t\t\t\t\t<\/div>\n\t\t<\/section>\n\t\t\t\t<section class=\"elementor-section elementor-top-section elementor-element elementor-element-797d995 elementor-hidden-mobile elementor-section-boxed elementor-section-height-default elementor-section-height-default qodef-elementor-content-no\" data-id=\"797d995\" data-element_type=\"section\" data-settings=\"{&quot;background_background&quot;:&quot;classic&quot;}\">\n\t\t\t\t\t\t\t<div class=\"elementor-background-overlay\"><\/div>\n\t\t\t\t\t\t\t<div class=\"elementor-container elementor-column-gap-default\">\n\t\t\t\t\t<div class=\"elementor-column elementor-col-100 elementor-top-column elementor-element elementor-element-0962f2f\" data-id=\"0962f2f\" data-element_type=\"column\">\n\t\t\t<div class=\"elementor-widget-wrap\">\n\t\t\t\t\t\t\t\t\t<\/div>\n\t\t<\/div>\n\t\t\t\t\t\t\t<\/div>\n\t\t<\/section>\n\t\t\t\t<section class=\"elementor-section elementor-top-section elementor-element elementor-element-70c055f elementor-section-full_width elementor-section-content-middle elementor-section-height-default elementor-section-height-default qodef-elementor-content-no\" data-id=\"70c055f\" data-element_type=\"section\">\n\t\t\t\t\t\t<div class=\"elementor-container elementor-column-gap-no\">\n\t\t\t\t\t<div class=\"elementor-column elementor-col-50 elementor-top-column elementor-element elementor-element-b787bfa\" data-id=\"b787bfa\" data-element_type=\"column\">\n\t\t\t<div class=\"elementor-widget-wrap elementor-element-populated\">\n\t\t\t\t\t\t\t\t<div class=\"elementor-element elementor-element-4365470 elementor-widget elementor-widget-image\" data-id=\"4365470\" data-element_type=\"widget\" data-widget_type=\"image.default\">\n\t\t\t\t<div class=\"elementor-widget-container\">\n\t\t\t\t\t\t\t\t\t\t\t\t\t\t\t<img decoding=\"async\" src=\"https:\/\/restauracja-mewa.pl\/wordpress\/wp-content\/uploads\/2024\/09\/20240816_163630-scaled.jpg\" title=\"20240816_163630\" alt=\"20240816_163630\" \/>\t\t\t\t\t\t\t\t\t\t\t\t\t\t\t<\/div>\n\t\t\t\t<\/div>\n\t\t\t\t\t<\/div>\n\t\t<\/div>\n\t\t\t\t<div class=\"elementor-column elementor-col-50 elementor-top-column elementor-element elementor-element-20907b4\" data-id=\"20907b4\" data-element_type=\"column\">\n\t\t\t<div class=\"elementor-widget-wrap elementor-element-populated\">\n\t\t\t\t\t\t\t\t<section class=\"elementor-section elementor-inner-section elementor-element elementor-element-5f9aade elementor-section-boxed elementor-section-height-default elementor-section-height-default qodef-elementor-content-no\" data-id=\"5f9aade\" data-element_type=\"section\">\n\t\t\t\t\t\t<div class=\"elementor-container elementor-column-gap-no\">\n\t\t\t\t\t<div class=\"elementor-column elementor-col-100 elementor-inner-column elementor-element elementor-element-5d51e01\" data-id=\"5d51e01\" data-element_type=\"column\">\n\t\t\t<div class=\"elementor-widget-wrap elementor-element-populated\">\n\t\t\t\t\t\t\t\t<div class=\"elementor-element elementor-element-ef4fc1e elementor-position-left elementor-widget__width-initial elementor-widget-mobile__width-inherit elementor-vertical-align-top elementor-widget elementor-widget-image-box\" data-id=\"ef4fc1e\" data-element_type=\"widget\" data-widget_type=\"image-box.default\">\n\t\t\t\t<div class=\"elementor-widget-container\">\n\t\t\t<div class=\"elementor-image-box-wrapper\"><div class=\"elementor-image-box-content\"><h3 class=\"elementor-image-box-title\"><br>Dodatkowe udogodnienia<\/h3><p class=\"elementor-image-box-description\"><br>Restauracja jest przyja\u017anie nastawiona dla os\u00f3b niepe\u0142nosprawnych z \ndogodnym wejsciem od strony parkingu. W \u015brodku obiektu nie ma \u017cadnych \nprog\u00f3w oraz przeszk\u00f3d, sto\u0142y s\u0105 szeroko porozstawiane daj\u0105c mo\u017cliwo\u015b\u0107 \nprzejechania w\u00f3zkiem.  Posiadamy specjaln\u0105 toalet\u0119 dla os\u00f3b \nniepe\u0142nosprawnych wyposa\u017con\u0105 w por\u0119cze oraz uchwyty. Restauracja, dbaj\u0105c\n o komfort maluszka i rodzic\u00f3w, dysponuje r\u00f3wnie\u017c pomieszczeniem \nwyposa\u017conym w przewijak, w kt\u00f3rym mo\u017cna swobodnie nakarmi\u0107 lub przewin\u0105\u0107\n dziecko, a tak\u017ce pozostawi\u0107 swoje rzeczy.&nbsp;Zadbamy te\u017c o naszych \nnajm\u0142odszych go\u015bci mamy specjalne menu oraz k\u0105cik dzieci\u0119cy, kt\u00f3ry umili\n czas oczekiwania na dania.<\/p><\/div><\/div>\t\t<\/div>\n\t\t\t\t<\/div>\n\t\t\t\t\t<\/div>\n\t\t<\/div>\n\t\t\t\t\t\t\t<\/div>\n\t\t<\/section>\n\t\t\t\t\t<\/div>\n\t\t<\/div>\n\t\t\t\t\t\t\t<\/div>\n\t\t<\/section>\n\t\t\t\t<section class=\"elementor-section elementor-top-section elementor-element elementor-element-5ee2546 elementor-hidden-mobile elementor-section-boxed elementor-section-height-default elementor-section-height-default qodef-elementor-content-no\" data-id=\"5ee2546\" data-element_type=\"section\" data-settings=\"{&quot;background_background&quot;:&quot;classic&quot;}\">\n\t\t\t\t\t\t\t<div class=\"elementor-background-overlay\"><\/div>\n\t\t\t\t\t\t\t<div class=\"elementor-container elementor-column-gap-default\">\n\t\t\t\t\t<div class=\"elementor-column elementor-col-100 elementor-top-column elementor-element elementor-element-a482862\" data-id=\"a482862\" data-element_type=\"column\">\n\t\t\t<div class=\"elementor-widget-wrap\">\n\t\t\t\t\t\t\t\t\t<\/div>\n\t\t<\/div>\n\t\t\t\t\t\t\t<\/div>\n\t\t<\/section>\n\t\t\t\t\t\t\t<\/div>\n\t\t","protected":false},"excerpt":{"rendered":"<p>Doskona\u0142a kuchnia, profesjonalna obs\u0142uga Restauracja Mewa to rodzinna restauracja powsta\u0142a z naszej wsp\u00f3lnej pasji do gotowania. Nasz\u0105 mark\u0119 zbudowali\u015bmy dzi\u0119ki wieloletniemu do\u015bwiadczeniu, kt\u00f3re gromadzili\u015bmy od 1997 roku przygotowuj\u0105c dla Pa\u0144stwa pyszne posi\u0142ki. Specjalizujemy si\u0119 w tradycyjnej kuchni polskiej. Nasza oryginalna i smakowita kuchnia jest bogata w wysokiej jako\u015bci dania przyrz\u0105dzane z olbrzymi\u0105 staranno\u015bci\u0105. Pragniemy by &hellip;<\/p>\n<p class=\"read-more\"> <a class=\"\" href=\"https:\/\/restauracja-mewa.pl\/wordpress\/o-nas\/\"> <span class=\"screen-reader-text\">O nas<\/span> Read More &raquo;<\/a><\/p>\n","protected":false},"author":1,"featured_media":0,"parent":0,"menu_order":0,"comment_status":"closed","ping_status":"closed","template":"","meta":{"site-sidebar-layout":"no-sidebar","site-content-layout":"page-builder","ast-global-header-display":"","ast-main-header-display":"","ast-hfb-above-header-display":"","ast-hfb-below-header-display":"","ast-hfb-mobile-header-display":"","site-post-title":"disabled","ast-breadcrumbs-content":"","ast-featured-img":"disabled","footer-sml-layout":"","theme-transparent-header-meta":"enabled","adv-header-id-meta":"","stick-header-meta":"","header-above-stick-meta":"","header-main-stick-meta":"","header-below-stick-meta":"","footnotes":""},"class_list":["post-105","page","type-page","status-publish","hentry"],"uagb_featured_image_src":{"full":false,"thumbnail":false,"medium":false,"medium_large":false,"large":false,"1536x1536":false,"2048x2048":false,"qode_essential_addons_image_size_square":false,"qode_essential_addons_image_size_landscape":false,"qode_essential_addons_image_size_portrait":false,"qode_essential_addons_image_size_huge-square":false},"uagb_author_info":{"display_name":"pwan","author_link":"https:\/\/restauracja-mewa.pl\/wordpress\/author\/pwan\/"},"uagb_comment_info":0,"uagb_excerpt":"Doskona\u0142a kuchnia, profesjonalna obs\u0142uga Restauracja Mewa to rodzinna restauracja powsta\u0142a z naszej wsp\u00f3lnej pasji do gotowania. Nasz\u0105 mark\u0119 zbudowali\u015bmy dzi\u0119ki wieloletniemu do\u015bwiadczeniu, kt\u00f3re gromadzili\u015bmy od 1997 roku przygotowuj\u0105c dla Pa\u0144stwa pyszne posi\u0142ki. Specjalizujemy si\u0119 w tradycyjnej kuchni polskiej. Nasza oryginalna i smakowita kuchnia jest bogata w wysokiej jako\u015bci dania przyrz\u0105dzane z olbrzymi\u0105 staranno\u015bci\u0105. Pragniemy by&hellip;","_links":{"self":[{"href":"https:\/\/restauracja-mewa.pl\/wordpress\/wp-json\/wp\/v2\/pages\/105","targetHints":{"allow":["GET"]}}],"collection":[{"href":"https:\/\/restauracja-mewa.pl\/wordpress\/wp-json\/wp\/v2\/pages"}],"about":[{"href":"https:\/\/restauracja-mewa.pl\/wordpress\/wp-json\/wp\/v2\/types\/page"}],"author":[{"embeddable":true,"href":"https:\/\/restauracja-mewa.pl\/wordpress\/wp-json\/wp\/v2\/users\/1"}],"replies":[{"embeddable":true,"href":"https:\/\/restauracja-mewa.pl\/wordpress\/wp-json\/wp\/v2\/comments?post=105"}],"version-history":[{"count":50,"href":"https:\/\/restauracja-mewa.pl\/wordpress\/wp-json\/wp\/v2\/pages\/105\/revisions"}],"predecessor-version":[{"id":1004,"href":"https:\/\/restauracja-mewa.pl\/wordpress\/wp-json\/wp\/v2\/pages\/105\/revisions\/1004"}],"wp:attachment":[{"href":"https:\/\/restauracja-mewa.pl\/wordpress\/wp-json\/wp\/v2\/media?parent=105"}],"curies":[{"name":"wp","href":"https:\/\/api.w.org\/{rel}","templated":true}]}}